{"id":2581,"date":"2024-06-12T14:57:34","date_gmt":"2024-06-12T14:57:34","guid":{"rendered":"https:\/\/chelseaenglish.es\/?page_id=2581"},"modified":"2024-06-18T14:32:21","modified_gmt":"2024-06-18T14:32:21","slug":"simulacros-de-examen","status":"publish","type":"page","link":"https:\/\/chelseaenglish.es\/en\/simulacros-de-examen\/","title":{"rendered":"Mock Exams"},"content":{"rendered":"<div data-elementor-type=\"wp-page\" data-elementor-id=\"2581\" class=\"elementor elementor-2581\">\n\t\t\t\t<div class=\"elementor-element elementor-element-c31788e e-flex e-con-boxed wpr-particle-no wpr-jarallax-no wpr-parallax-no wpr-sticky-section-no wpr-equal-height-no e-con e-parent\" data-id=\"c31788e\" data-element_type=\"container\" data-settings=\"{&quot;background_background&quot;:&quot;classic&quot;}\">\n\t\t\t\t\t<div class=\"e-con-inner\">\n\t\t\t\t<div class=\"elementor-element elementor-element-8d013c8 elementor-widget elementor-widget-heading\" data-id=\"8d013c8\" data-element_type=\"widget\" data-widget_type=\"heading.default\">\n\t\t\t\t<div class=\"elementor-widget-container\">\n\t\t\t\t\t<h2 class=\"elementor-heading-title elementor-size-default\">MOCK EXAMS<\/h2>\t\t\t\t<\/div>\n\t\t\t\t<\/div>\n\t\t\t\t\t<\/div>\n\t\t\t\t<\/div>\n\t\t<div class=\"elementor-element elementor-element-b991137 e-flex e-con-boxed wpr-particle-no wpr-jarallax-no wpr-parallax-no wpr-sticky-section-no wpr-equal-height-no e-con e-parent\" data-id=\"b991137\" data-element_type=\"container\">\n\t\t\t\t\t<div class=\"e-con-inner\">\n\t\t<div class=\"elementor-element elementor-element-5f03543 e-con-full e-flex wpr-particle-no wpr-jarallax-no wpr-parallax-no wpr-sticky-section-no wpr-equal-height-no e-con e-child\" data-id=\"5f03543\" data-element_type=\"container\">\n\t\t\t\t<div class=\"elementor-element elementor-element-221e923 elementor-widget elementor-widget-image\" data-id=\"221e923\" data-element_type=\"widget\" data-widget_type=\"image.default\">\n\t\t\t\t<div class=\"elementor-widget-container\">\n\t\t\t\t\t\t\t\t\t\t\t\t\t\t\t<img fetchpriority=\"high\" decoding=\"async\" width=\"800\" height=\"500\" src=\"https:\/\/chelseaenglish.es\/wp-content\/uploads\/2024\/01\/Teacher-1.jpg\" class=\"attachment-large size-large wp-image-1272\" alt=\"\" srcset=\"https:\/\/chelseaenglish.es\/wp-content\/uploads\/2024\/01\/Teacher-1.jpg 800w, https:\/\/chelseaenglish.es\/wp-content\/uploads\/2024\/01\/Teacher-1-300x188.jpg 300w, https:\/\/chelseaenglish.es\/wp-content\/uploads\/2024\/01\/Teacher-1-768x480.jpg 768w\" sizes=\"(max-width: 800px) 100vw, 800px\" \/>\t\t\t\t\t\t\t\t\t\t\t\t\t\t\t<\/div>\n\t\t\t\t<\/div>\n\t\t\t\t<div class=\"elementor-element elementor-element-f97dccd elementor-invisible elementor-widget elementor-widget-heading\" data-id=\"f97dccd\" data-element_type=\"widget\" data-settings=\"{&quot;_animation&quot;:&quot;fadeInUp&quot;}\" data-widget_type=\"heading.default\">\n\t\t\t\t<div class=\"elementor-widget-container\">\n\t\t\t\t\t<h2 class=\"elementor-heading-title elementor-size-default\">MOCK EXAMS<\/h2>\t\t\t\t<\/div>\n\t\t\t\t<\/div>\n\t\t\t\t<div class=\"elementor-element elementor-element-57c6559 elementor-widget elementor-widget-text-editor\" data-id=\"57c6559\" data-element_type=\"widget\" data-widget_type=\"text-editor.default\">\n\t\t\t\t<div class=\"elementor-widget-container\">\n\t\t\t\t\t\t\t\t\t<div class=\"page-header\"><p>Something which we are extremely proud of here at Chelsea is an initiative we started a few years ago which has proven to be very successful, especially with our exam candidates.<\/p><p>From January onwards we commit to providing one mock exam per month under the exact same examination conditions you will sit on your actual final examination date.<\/p><p>Our management and teaching staff act as the invigilators &amp; examiners and strict exam guidelines are observed. The benefits of this are many including but not limited to:<\/p><ul><li>You will be fully prepared and know exactly what to expect on the day of your exam<\/li><li>You will be accustomed to working within the time constraints of the exam<\/li><li>Your results will be assessed and you will be provided with a final grade after each monthly exam.<\/li><\/ul><\/div>\t\t\t\t\t\t\t\t<\/div>\n\t\t\t\t<\/div>\n\t\t\t\t<\/div>\n\t\t<div class=\"elementor-element elementor-element-0115a4a e-con-full e-flex wpr-particle-no wpr-jarallax-no wpr-parallax-no wpr-sticky-section-no wpr-equal-height-no e-con e-child\" data-id=\"0115a4a\" data-element_type=\"container\">\n\t\t\t\t<div class=\"elementor-element elementor-element-57d9468 elementor-widget elementor-widget-wpr-elementor-template\" data-id=\"57d9468\" data-element_type=\"widget\" data-widget_type=\"wpr-elementor-template.default\">\n\t\t\t\t<div class=\"elementor-widget-container\">\n\t\t\t\t\t<style>.elementor-1032 .elementor-element.elementor-element-6f3f433f{--display:flex;border-style:none;--border-style:none;}.elementor-1032 .elementor-element.elementor-element-7a99c022{width:var( --container-widget-width, 101.932% );max-width:101.932%;--container-widget-width:101.932%;--container-widget-flex-grow:0;}.elementor-1032 .elementor-element.elementor-element-7a99c022 > .elementor-widget-container{margin:0px 0px 20px 0px;}.elementor-1032 .elementor-element.elementor-element-7a99c022.elementor-element{--flex-grow:0;--flex-shrink:0;}.elementor-1032 .elementor-element.elementor-element-7a99c022 .wpr-search-form-input{color:#7D7B9E;background-color:#ffffff;border-color:#E8E8E8;text-align:left;border-width:1px 0px 1px 1px;border-radius:6px 0px 0px 6px !important;padding:7px 15px 7px 15px;}.elementor-1032 .elementor-element.elementor-element-7a99c022 .wpr-search-form-input::-webkit-input-placeholder{color:#9e9e9e;}.elementor-1032 .elementor-element.elementor-element-7a99c022 .wpr-search-form-input:-ms-input-placeholder{color:#9e9e9e;}.elementor-1032 .elementor-element.elementor-element-7a99c022 .wpr-search-form-input::-moz-placeholder{color:#9e9e9e;}.elementor-1032 .elementor-element.elementor-element-7a99c022 .wpr-search-form-input:-moz-placeholder{color:#9e9e9e;}.elementor-1032 .elementor-element.elementor-element-7a99c022 .wpr-search-form-input::placeholder{color:#9e9e9e;}.elementor-1032 .elementor-element.elementor-element-7a99c022 .wpr-data-fetch{border-color:#E8E8E8;border-width:1px 1px 1px 1px;border-radius:6px 6px 6px 6px;background-color:#FFFFFF;left:50%;transform:translateX(-50%);width:100%;margin-top:5px;}.elementor-1032 .elementor-element.elementor-element-7a99c022.wpr-search-form-input-focus .wpr-search-form-input{color:#302D55;background-color:#ffffff;border-color:#E8E8E8;}.elementor-1032 .elementor-element.elementor-element-7a99c022.wpr-search-form-input-focus .wpr-search-form-input::-webkit-input-placeholder{color:#9e9e9e;}.elementor-1032 .elementor-element.elementor-element-7a99c022.wpr-search-form-input-focus .wpr-search-form-input:-ms-input-placeholder{color:#9e9e9e;}.elementor-1032 .elementor-element.elementor-element-7a99c022.wpr-search-form-input-focus .wpr-search-form-input::-moz-placeholder{color:#9e9e9e;}.elementor-1032 .elementor-element.elementor-element-7a99c022.wpr-search-form-input-focus .wpr-search-form-input:-moz-placeholder{color:#9e9e9e;}.elementor-1032 .elementor-element.elementor-element-7a99c022.wpr-search-form-input-focus .wpr-search-form-input::placeholder{color:#9e9e9e;}.elementor-1032 .elementor-element.elementor-element-7a99c022 .wpr-search-form-input, .elementor-1032 .elementor-element.elementor-element-7a99c022 .wpr-category-select-wrap, .elementor-1032 .elementor-element.elementor-element-7a99c022 .wpr-category-select{font-family:\"Montserrat\", Sans-serif;font-size:14px;font-weight:500;}.elementor-1032 .elementor-element.elementor-element-7a99c022 .wpr-category-select-wrap::before{right:15px;}.elementor-1032 .elementor-element.elementor-element-7a99c022 .wpr-category-select{padding:7px 15px 7px 15px;}.elementor-1032 .elementor-element.elementor-element-7a99c022 .wpr-search-form-submit{color:#ffffff;background-color:var( --e-global-color-secondary );border-color:#E8E8E8;min-width:76px;font-family:\"Poppins\", Sans-serif;font-size:13px;font-weight:400;border-width:0px 0px 0px 0px;border-radius:0px 6px 6px 0px;}.elementor-1032 .elementor-element.elementor-element-7a99c022 .wpr-search-form-submit:hover{color:#ffffff;background-color:var( --e-global-color-primary );border-color:#E8E8E8;}.elementor-1032 .elementor-element.elementor-element-7a99c022 .wpr-data-fetch ul li:hover{background-color:#F6F6F600;}.elementor-1032 .elementor-element.elementor-element-7a99c022 .wpr-data-fetch ul li{transition-duration:0.5s;padding:5px 5px 5px 5px;}.elementor-1032 .elementor-element.elementor-element-7a99c022 .wpr-data-fetch ul{max-height:50vh;padding:20px 15px 20px 15px;}.elementor-1032 .elementor-element.elementor-element-7a99c022 .wpr-data-fetch ul li:not(:last-child){margin-bottom:36px;}.elementor-1032 .elementor-element.elementor-element-7a99c022 .wpr-data-fetch a.wpr-ajax-title{color:#302D55;font-family:\"Poppins\", Sans-serif;font-size:17px;font-weight:600;line-height:1.2em;}.elementor-1032 .elementor-element.elementor-element-7a99c022 .wpr-ajax-search-content a.wpr-ajax-title{margin-bottom:2px;}.elementor-1032 .elementor-element.elementor-element-7a99c022 .wpr-data-fetch p a{color:#7D7B9E;}.elementor-1032 .elementor-element.elementor-element-7a99c022 .wpr-search-admin-notice{color:#7D7B9E;}.elementor-1032 .elementor-element.elementor-element-7a99c022 .wpr-data-fetch p a, .elementor-1032 .elementor-element.elementor-element-7a99c022 .wpr-search-admin-notice{font-family:\"Montserrat\", Sans-serif;font-size:14px;font-weight:500;}.elementor-1032 .elementor-element.elementor-element-7a99c022 .wpr-ajax-search-content p.wpr-ajax-desc{margin-bottom:8px;}.elementor-1032 .elementor-element.elementor-element-7a99c022 a.wpr-view-result{color:#FFFFFF;background-color:#FF00A3;font-family:\"Poppins\", Sans-serif;font-size:13px;transition-duration:0.5s;border-radius:6px 6px 6px 6px;padding:6px 25px 6px 25px;}.elementor-1032 .elementor-element.elementor-element-7a99c022 a.wpr-view-result:hover{color:#FFFFFF;background-color:#FF00A3;}.elementor-1032 .elementor-element.elementor-element-7a99c022 .wpr-data-fetch .wpr-close-search{color:#C0B6C0;height:14px;top:7px;right:7px;}.elementor-1032 .elementor-element.elementor-element-7a99c022 .wpr-data-fetch .wpr-close-search::before{font-size:14px;}.elementor-1032 .elementor-element.elementor-element-7a99c022 .wpr-data-fetch ul::-webkit-scrollbar-thumb{border-left-color:#E8E8E8;border-left-width:3px;}.elementor-1032 .elementor-element.elementor-element-7a99c022 .wpr-data-fetch ul::-webkit-scrollbar{width:calc(3px + 3px);}.elementor-1032 .elementor-element.elementor-element-7a99c022 .wpr-data-fetch .wpr-no-results{color:#222222;font-family:\"Poppins\", Sans-serif;font-size:14px;font-weight:400;height:20vh;}.elementor-widget-image .widget-image-caption{color:var( --e-global-color-text );font-family:var( --e-global-typography-text-font-family ), Sans-serif;font-weight:var( --e-global-typography-text-font-weight );}.elementor-widget-heading .elementor-heading-title{font-family:var( --e-global-typography-primary-font-family ), Sans-serif;font-weight:var( --e-global-typography-primary-font-weight );color:var( --e-global-color-primary );}.elementor-1032 .elementor-element.elementor-element-2a5a0fa3 .elementor-heading-title{font-family:\"Poppins\", Sans-serif;font-size:25px;font-weight:600;color:#313F80;}.elementor-widget-divider{--divider-color:var( --e-global-color-secondary );}.elementor-widget-divider .elementor-divider__text{color:var( --e-global-color-secondary );font-family:var( --e-global-typography-secondary-font-family ), Sans-serif;font-weight:var( --e-global-typography-secondary-font-weight );font-style:var( --e-global-typography-secondary-font-style );}.elementor-widget-divider.elementor-view-stacked .elementor-icon{background-color:var( --e-global-color-secondary );}.elementor-widget-divider.elementor-view-framed .elementor-icon, .elementor-widget-divider.elementor-view-default .elementor-icon{color:var( --e-global-color-secondary );border-color:var( --e-global-color-secondary );}.elementor-widget-divider.elementor-view-framed .elementor-icon, .elementor-widget-divider.elementor-view-default .elementor-icon svg{fill:var( --e-global-color-secondary );}.elementor-1032 .elementor-element.elementor-element-7bcc5795{--divider-border-style:solid;--divider-color:#FF7DBC;--divider-border-width:2px;}.elementor-1032 .elementor-element.elementor-element-7bcc5795 > .elementor-widget-container{margin:-10px 0px 0px 0px;}.elementor-1032 .elementor-element.elementor-element-7bcc5795 .elementor-divider-separator{width:100%;margin:0 auto;margin-left:0;}.elementor-1032 .elementor-element.elementor-element-7bcc5795 .elementor-divider{text-align:left;padding-block-start:2px;padding-block-end:2px;}.elementor-widget-text-editor{font-family:var( --e-global-typography-text-font-family ), Sans-serif;font-weight:var( --e-global-typography-text-font-weight );color:var( --e-global-color-text );}.elementor-widget-text-editor.elementor-drop-cap-view-stacked .elementor-drop-cap{background-color:var( --e-global-color-primary );}.elementor-widget-text-editor.elementor-drop-cap-view-framed .elementor-drop-cap, .elementor-widget-text-editor.elementor-drop-cap-view-default .elementor-drop-cap{color:var( --e-global-color-primary );border-color:var( --e-global-color-primary );}.elementor-1032 .elementor-element.elementor-element-c004c3a{font-family:\"Montserrat\", Sans-serif;font-size:14px;font-weight:500;color:#7D7B9E;}.elementor-widget-icon-list .elementor-icon-list-item:not(:last-child):after{border-color:var( --e-global-color-text );}.elementor-widget-icon-list .elementor-icon-list-icon i{color:var( --e-global-color-primary );}.elementor-widget-icon-list .elementor-icon-list-icon svg{fill:var( --e-global-color-primary );}.elementor-widget-icon-list .elementor-icon-list-item > .elementor-icon-list-text, .elementor-widget-icon-list .elementor-icon-list-item > a{font-family:var( --e-global-typography-text-font-family ), Sans-serif;font-weight:var( --e-global-typography-text-font-weight );}.elementor-widget-icon-list .elementor-icon-list-text{color:var( --e-global-color-secondary );}.elementor-1032 .elementor-element.elementor-element-17ea714 .elementor-icon-list-items:not(.elementor-inline-items) .elementor-icon-list-item:not(:last-child){padding-bottom:calc(6px\/2);}.elementor-1032 .elementor-element.elementor-element-17ea714 .elementor-icon-list-items:not(.elementor-inline-items) .elementor-icon-list-item:not(:first-child){margin-top:calc(6px\/2);}.elementor-1032 .elementor-element.elementor-element-17ea714 .elementor-icon-list-items.elementor-inline-items .elementor-icon-list-item{margin-right:calc(6px\/2);margin-left:calc(6px\/2);}.elementor-1032 .elementor-element.elementor-element-17ea714 .elementor-icon-list-items.elementor-inline-items{margin-right:calc(-6px\/2);margin-left:calc(-6px\/2);}body.rtl .elementor-1032 .elementor-element.elementor-element-17ea714 .elementor-icon-list-items.elementor-inline-items .elementor-icon-list-item:after{left:calc(-6px\/2);}body:not(.rtl) .elementor-1032 .elementor-element.elementor-element-17ea714 .elementor-icon-list-items.elementor-inline-items .elementor-icon-list-item:after{right:calc(-6px\/2);}.elementor-1032 .elementor-element.elementor-element-17ea714 .elementor-icon-list-icon i{color:var( --e-global-color-primary );transition:color 0.3s;}.elementor-1032 .elementor-element.elementor-element-17ea714 .elementor-icon-list-icon svg{fill:var( --e-global-color-primary );transition:fill 0.3s;}.elementor-1032 .elementor-element.elementor-element-17ea714{--e-icon-list-icon-size:14px;--icon-vertical-offset:0px;}.elementor-1032 .elementor-element.elementor-element-17ea714 .elementor-icon-list-item > .elementor-icon-list-text, .elementor-1032 .elementor-element.elementor-element-17ea714 .elementor-icon-list-item > a{font-family:\"Montserrat\", Sans-serif;font-size:14px;font-weight:500;}.elementor-1032 .elementor-element.elementor-element-17ea714 .elementor-icon-list-text{color:#7D7B9E;transition:color 0.3s;}@media(max-width:767px){.elementor-1032 .elementor-element.elementor-element-7a99c022 .wpr-search-form-submit{min-width:30px;}.elementor-1032 .elementor-element.elementor-element-2a5a0fa3 .elementor-heading-title{font-size:20px;}}@media(min-width:768px){.elementor-1032 .elementor-element.elementor-element-6f3f433f{--width:100%;}}<\/style>\t\t<div data-elementor-type=\"container\" data-elementor-id=\"1032\" class=\"elementor elementor-1032\">\n\t\t\t\t<div class=\"elementor-element elementor-element-6f3f433f e-con-full e-flex wpr-particle-no wpr-jarallax-no wpr-parallax-no wpr-sticky-section-no wpr-equal-height-no e-con e-child\" data-id=\"6f3f433f\" data-element_type=\"container\">\n\t\t\t\t<div class=\"elementor-element elementor-element-7a99c022 elementor-widget__width-initial wpr-search-form-style-inner wpr-search-form-position-right elementor-widget elementor-widget-wpr-search\" data-id=\"7a99c022\" data-element_type=\"widget\" data-widget_type=\"wpr-search.default\">\n\t\t\t\t<div class=\"elementor-widget-container\">\n\t\t\t\t\t\n\t\t<form role=\"search\" method=\"get\" class=\"wpr-search-form\" action=\"https:\/\/chelseaenglish.es\/en\/\" data-trp-original-action=\"https:\/\/chelseaenglish.es\/en\">\n\n\t\t\t<div class=\"wpr-search-form-input-wrap elementor-clearfix\">\n\t\t\t\t<input class=\"wpr-search-form-input\" placeholder=\"Search...\" aria-label=\"Search\" type=\"search\" name=\"s\" title=\"Search\" value=\"\" wpr-query-type=\"all\" wpr-taxonomy-type=\"\" number-of-results=\"2\" ajax-search=\"yes\" meta-query=\"\" show-description=\"yes\" number-of-words=\"30\" show-ajax-thumbnails=\"\" show-view-result-btn=\"\" show-product-price=\"no\" view-result-text=\"View Results\" no-results=\"No Results Found\" exclude-without-thumb=\"\" link-target=\"_self\" password-protected=\"no\" attachments=\"no\">\n\t\t\t\t\n\t\t<button class=\"wpr-search-form-submit\" aria-label=\"Search\" type=\"submit\">\n\t\t\t\t\t\t\t<i class=\"fas fa-search\"><\/i>\n\t\t\t\t\t<\/button>\n\n\t\t\t\t\t<\/div>\n\n\t\t\t\t\t<input type=\"hidden\" name=\"trp-form-language\" value=\"en\"\/><\/form>\n\t\t<div class=\"wpr-data-fetch\">\n\t\t\t<span class=\"wpr-close-search\"><\/span>\n\t\t\t<ul><\/ul>\n\t\t\t\t\t<\/div>\n\t\t\n\t\t\t\t\t\t<\/div>\n\t\t\t\t<\/div>\n\t\t\t\t<div class=\"elementor-element elementor-element-9fbd5d9 elementor-widget elementor-widget-image\" data-id=\"9fbd5d9\" data-element_type=\"widget\" data-widget_type=\"image.default\">\n\t\t\t\t<div class=\"elementor-widget-container\">\n\t\t\t\t\t\t\t\t\t\t\t\t\t\t\t<img decoding=\"async\" width=\"538\" height=\"1024\" src=\"https:\/\/chelseaenglish.es\/wp-content\/uploads\/2024\/01\/2024-05-21-15.45.28-538x1024.jpg\" class=\"attachment-large size-large wp-image-2324\" alt=\"\" srcset=\"https:\/\/chelseaenglish.es\/wp-content\/uploads\/2024\/01\/2024-05-21-15.45.28-538x1024.jpg 538w, https:\/\/chelseaenglish.es\/wp-content\/uploads\/2024\/01\/2024-05-21-15.45.28-158x300.jpg 158w, https:\/\/chelseaenglish.es\/wp-content\/uploads\/2024\/01\/2024-05-21-15.45.28.jpg 672w\" sizes=\"(max-width: 538px) 100vw, 538px\" \/>\t\t\t\t\t\t\t\t\t\t\t\t\t\t\t<\/div>\n\t\t\t\t<\/div>\n\t\t\t\t<div class=\"elementor-element elementor-element-2a5a0fa3 elementor-widget elementor-widget-heading\" data-id=\"2a5a0fa3\" data-element_type=\"widget\" data-widget_type=\"heading.default\">\n\t\t\t\t<div class=\"elementor-widget-container\">\n\t\t\t\t\t<h2 class=\"elementor-heading-title elementor-size-default\">Contact Info<\/h2>\t\t\t\t<\/div>\n\t\t\t\t<\/div>\n\t\t\t\t<div class=\"elementor-element elementor-element-7bcc5795 elementor-widget-divider--view-line elementor-widget elementor-widget-divider\" data-id=\"7bcc5795\" data-element_type=\"widget\" data-widget_type=\"divider.default\">\n\t\t\t\t<div class=\"elementor-widget-container\">\n\t\t\t\t\t\t\t<div class=\"elementor-divider\">\n\t\t\t<span class=\"elementor-divider-separator\">\n\t\t\t\t\t\t<\/span>\n\t\t<\/div>\n\t\t\t\t\t\t<\/div>\n\t\t\t\t<\/div>\n\t\t\t\t<div class=\"elementor-element elementor-element-c004c3a elementor-widget elementor-widget-text-editor\" data-id=\"c004c3a\" data-element_type=\"widget\" data-widget_type=\"text-editor.default\">\n\t\t\t\t<div class=\"elementor-widget-container\">\n\t\t\t\t\t\t\t\t\t<p>Call us or write to us, or come and pay us a visit in Rivas Vaciamadrid. We will be happy to have an interview with you and answer any questions you may have. If you really want to learn English, we are the Academy you are looking for. \nWe look forward to seeing you soon.<\/p>\t\t\t\t\t\t\t\t<\/div>\n\t\t\t\t<\/div>\n\t\t\t\t<div class=\"elementor-element elementor-element-17ea714 elementor-icon-list--layout-traditional elementor-list-item-link-full_width elementor-widget elementor-widget-icon-list\" data-id=\"17ea714\" data-element_type=\"widget\" data-widget_type=\"icon-list.default\">\n\t\t\t\t<div class=\"elementor-widget-container\">\n\t\t\t\t\t\t\t<ul class=\"elementor-icon-list-items\">\n\t\t\t\t\t\t\t<li class=\"elementor-icon-list-item\">\n\t\t\t\t\t\t\t\t\t\t\t<span class=\"elementor-icon-list-icon\">\n\t\t\t\t\t\t\t<svg aria-hidden=\"true\" class=\"e-font-icon-svg e-fas-phone-alt\" viewbox=\"0 0 512 512\" xmlns=\"http:\/\/www.w3.org\/2000\/svg\"><path d=\"M497.39 361.8l-112-48a24 24 0 0 0-28 6.9l-49.6 60.6A370.66 370.66 0 0 1 130.6 204.11l60.6-49.6a23.94 23.94 0 0 0 6.9-28l-48-112A24.16 24.16 0 0 0 122.6.61l-104 24A24 24 0 0 0 0 48c0 256.5 207.9 464 464 464a24 24 0 0 0 23.4-18.6l24-104a24.29 24.29 0 0 0-14.01-27.6z\"><\/path><\/svg>\t\t\t\t\t\t<\/span>\n\t\t\t\t\t\t\t\t\t\t<span class=\"elementor-icon-list-text\">914 99 90 22<\/span>\n\t\t\t\t\t\t\t\t\t<\/li>\n\t\t\t\t\t\t\t\t<li class=\"elementor-icon-list-item\">\n\t\t\t\t\t\t\t\t\t\t\t<span class=\"elementor-icon-list-icon\">\n\t\t\t\t\t\t\t<svg aria-hidden=\"true\" class=\"e-font-icon-svg e-fas-envelope\" viewbox=\"0 0 512 512\" xmlns=\"http:\/\/www.w3.org\/2000\/svg\"><path d=\"M502.3 190.8c3.9-3.1 9.7-.2 9.7 4.7V400c0 26.5-21.5 48-48 48H48c-26.5 0-48-21.5-48-48V195.6c0-5 5.7-7.8 9.7-4.7 22.4 17.4 52.1 39.5 154.1 113.6 21.1 15.4 56.7 47.8 92.2 47.6 35.7.3 72-32.8 92.3-47.6 102-74.1 131.6-96.3 154-113.7zM256 320c23.2.4 56.6-29.2 73.4-41.4 132.7-96.3 142.8-104.7 173.4-128.7 5.8-4.5 9.2-11.5 9.2-18.9v-19c0-26.5-21.5-48-48-48H48C21.5 64 0 85.5 0 112v19c0 7.4 3.4 14.3 9.2 18.9 30.6 23.9 40.7 32.4 173.4 128.7 16.8 12.2 50.2 41.8 73.4 41.4z\"><\/path><\/svg>\t\t\t\t\t\t<\/span>\n\t\t\t\t\t\t\t\t\t\t<span class=\"elementor-icon-list-text\">admin@chelseaenglish.es<\/span>\n\t\t\t\t\t\t\t\t\t<\/li>\n\t\t\t\t\t\t\t\t<li class=\"elementor-icon-list-item\">\n\t\t\t\t\t\t\t\t\t\t\t<span class=\"elementor-icon-list-icon\">\n\t\t\t\t\t\t\t<svg aria-hidden=\"true\" class=\"e-font-icon-svg e-fas-map-marker-alt\" viewbox=\"0 0 384 512\" xmlns=\"http:\/\/www.w3.org\/2000\/svg\"><path d=\"M172.268 501.67C26.97 291.031 0 269.413 0 192 0 85.961 85.961 0 192 0s192 85.961 192 192c0 77.413-26.97 99.031-172.268 309.67-9.535 13.774-29.93 13.773-39.464 0zM192 272c44.183 0 80-35.817 80-80s-35.817-80-80-80-80 35.817-80 80 35.817 80 80 80z\"><\/path><\/svg>\t\t\t\t\t\t<\/span>\n\t\t\t\t\t\t\t\t\t\t<span class=\"elementor-icon-list-text\">Av. de Pablo Iglesias, 84. Rivas-Vaciamadrid<\/span>\n\t\t\t\t\t\t\t\t\t<\/li>\n\t\t\t\t\t\t<\/ul>\n\t\t\t\t\t\t<\/div>\n\t\t\t\t<\/div>\n\t\t\t\t<\/div>\n\t\t\t\t<\/div>\n\t\t<span class=\"wpr-template-edit-btn\" data-permalink=\"https:\/\/chelseaenglish.es\/en\/?elementor_library=sidebar\">Edit Template<\/span>\t\t\t\t<\/div>\n\t\t\t\t<\/div>\n\t\t\t\t<\/div>\n\t\t\t\t\t<\/div>\n\t\t\t\t<\/div>\n\t\t\t\t<\/div>","protected":false},"excerpt":{"rendered":"<p>Simulacros de examen Simulacros de examen Es sumamente importante contar con un profesorado experimentado que les guiar\u00e1 y preparar\u00e1 de cara a los ex\u00e1menes realizando simulacros de los mismos a lo largo del curso. Desde Enero realizamos estos simulacros de ex\u00e1menes de forma continuada, una vez al mes, usando para ello los ejemplos de Ex\u00e1menes Reales Oficiales de a\u00f1os anteriores. Nuestro profesorado supervisa estas pruebas siguiendo las estrictas normas requeridas por Cambridge University, como si se tratara de un examen real. Los beneficios de estos simulacros son los siguientes: Completar su preparaci\u00f3n y proporcionar un exacto conocimiento de c\u00f3mo es el examen. Poner en antecedentes de los tiempos reales que disponen para realizar para cada parte. Se corregir\u00e1n bajo estrictas condiciones de evaluaci\u00f3n de Cambridge con el fin de tener una valoraci\u00f3n final lo m\u00e1s real posible. More than 2 results are available in the PRO version (This notice is only visible to admin users) Contact Info Ll\u00e1manos, escr\u00edbenos, o ven a visitarnos a nuestra academia en Rivas Vaciamadrid. Estaremos encantados de charlar contigo y resolver todas las dudas que tengas. Si quieres aprender ingl\u00e9s, somos la academia que buscas. Pregunta sin ning\u00fan compromiso. 914 99 90 22 chelseaenglish@hotmail.com Av. Pablo Iglesias, 84. Rivas-Vaciamadrid Edit Template<\/p>","protected":false},"author":1,"featured_media":0,"parent":0,"menu_order":0,"comment_status":"closed","ping_status":"closed","template":"","meta":{"footnotes":""},"_links":{"self":[{"href":"https:\/\/chelseaenglish.es\/en\/wp-json\/wp\/v2\/pages\/2581"}],"collection":[{"href":"https:\/\/chelseaenglish.es\/en\/wp-json\/wp\/v2\/pages"}],"about":[{"href":"https:\/\/chelseaenglish.es\/en\/wp-json\/wp\/v2\/types\/page"}],"author":[{"embeddable":true,"href":"https:\/\/chelseaenglish.es\/en\/wp-json\/wp\/v2\/users\/1"}],"replies":[{"embeddable":true,"href":"https:\/\/chelseaenglish.es\/en\/wp-json\/wp\/v2\/comments?post=2581"}],"version-history":[{"count":10,"href":"https:\/\/chelseaenglish.es\/en\/wp-json\/wp\/v2\/pages\/2581\/revisions"}],"predecessor-version":[{"id":2674,"href":"https:\/\/chelseaenglish.es\/en\/wp-json\/wp\/v2\/pages\/2581\/revisions\/2674"}],"wp:attachment":[{"href":"https:\/\/chelseaenglish.es\/en\/wp-json\/wp\/v2\/media?parent=2581"}],"curies":[{"name":"wp","href":"https:\/\/api.w.org\/{rel}","templated":true}]}}